{"id":189,"date":"2021-05-18T09:21:38","date_gmt":"2021-05-18T07:21:38","guid":{"rendered":"http:\/\/www.karinelagarrosse.fr\/he18173-ovh\/?page_id=189"},"modified":"2026-03-22T15:52:17","modified_gmt":"2026-03-22T14:52:17","slug":"a-propos","status":"publish","type":"page","link":"https:\/\/karinelagarrosse.fr\/he18173-ovh\/a-propos\/","title":{"rendered":"\u00e0 propos"},"content":{"rendered":"\n<p><\/p>\n\n\n\n<p>N\u00e9e \u00e0 Bordeaux<br>Professeure certifi\u00e9e d\u2019 Arts Plastiques<\/p>\n\n\n\n<p>Sc\u00e9nographe de spectacles pour les compagnons du th\u00e9\u00e2tre<br>Charg\u00e9e de mission attach\u00e9e \u00e0 la culture au Conseil G\u00e9n\u00e9ral de la Gironde<br>Sculptrice professionnelle, Fac simil\u00e9 de la\u00a0 grotte de Niaux,(1993\/1995)<\/p>\n\n\n\n<div class=\"wp-block-buttons is-layout-flex wp-block-buttons-is-layout-flex\">\n<div class=\"wp-block-button\"><a class=\"wp-block-button__link\" href=\"http:\/\/www.karinelagarrosse.fr\/he18173-ovh\/index.php\/contact\/\" target=\"_blank\" rel=\"noreferrer noopener\">Me contacter<\/a><\/div>\n<\/div>\n\n\n\n<p><\/p>\n\n\n\n<p><strong>GRAPHISME<\/strong><\/p>\n\n\n\n<p>\u00ab\u00a0Canop\u00e9e\u00a0\u00bb<\/p>\n\n\n\n<p>Si l&rsquo;envers de ce qui se cache derri\u00e8re les branches se d\u00e9robe \u00e0 notre regard, l&rsquo;artiste donne \u00e0 voir ce qui, habituellement dispara\u00eet derri\u00e8re notre envie de voir au travers; nous observons alors ce rhizome de nerfs, d&rsquo;une \u00e9l\u00e9gance folle comme des spectateurs regardant une pi\u00e8ce \u00e0 rideau ferm\u00e9 o\u00f9 le dispositif d&rsquo;une narration, qui s&rsquo;annonce dans ce qu&rsquo;elle dissimule, se met en action d\u00e9j\u00e0 dans les plis de la draperie qui le recouvre. <\/p>\n\n\n\n<p>Point de paysage derri\u00e8re les feuillages mais la profondeur est d\u00e9j\u00e0 l\u00e0, sur cet \u00e9cran tiss\u00e9 \u00e0 l&rsquo;encre que Karine Lagarrosse superpose au silence \u00e9cru du papier.                                                                                    <\/p>\n\n\n\n<p class=\"has-text-align-right\"><strong>Mateata Flohr<\/strong>                                                       <\/p>\n\n\n\n<p>\u00ab\u00a0Traits pour trait\u00a0\u00bb<\/p>\n\n\n\n<p>A d\u00e9couvrir comme un spectacle vivant, vibrant, sur les pas de Beaumarchais ou de la Fontaine, \u00ab Traits pour trait\u00a0\u00bb est une invitation \u00e0 partager une \u00ab\u00a0folle journ\u00e9e\u00a0\u00bb o\u00f9 les animaux tant\u00f4t cyniques, tant\u00f4t p\u00e9tulants, nous d\u00e9livrent leurs le\u00e7ons. <\/p>\n\n\n\n<p>Ils s&rsquo;opposent aux privil\u00e8ges archa\u00efques d&rsquo;une justice \u00ab\u00a0indulgente aux grands, dure aux petits\u00a0\u00bb et ce jusqu&rsquo;\u00e0 l&rsquo;apoth\u00e9ose finale o\u00f9 la lumi\u00e8re brille dans l&rsquo;obscurit\u00e9, o\u00f9 les \u00ab\u00a0serfs-volants\u00a0\u00bb se sont affranchis de leur servitude (in)volontaire.                                                                   <\/p>\n\n\n\n<p class=\"has-text-align-right\"><strong>Camille Roudeillac<\/strong>                                                                                                                                      <\/p>\n\n\n\n<p>                                                                                  <\/p>\n\n\n\n<p><strong>PEINTURE<\/strong><\/p>\n\n\n\n<p>\u00ab <em>Le no man&rsquo;s land po\u00e9tique de Karine Lagarrosse&nbsp;oscille entre une abstraction signifiante et une&nbsp;figuration suggestive \u00e0 peine pos\u00e9e. <\/em><\/p>\n\n\n\n<p><em>Ces fluctuations de l&rsquo;espace peupl\u00e9es de nefs&nbsp;volantes f\u00e9eriques, de portiques a\u00e9riens ou&nbsp;d&rsquo;anges\/papillons m\u00e9tamorphes manifestent leur&nbsp;envol d&rsquo;abstraction lyrique. <\/em><\/p>\n\n\n\n<p><em>En clignant des yeux les d\u00e9tails s&rsquo;\u00e9vaporent, les&nbsp;masses s&rsquo;expriment, un l\u00e9ger flou accompagne les&nbsp;contours comme un songe po\u00e9tique.<\/em><\/p>\n\n\n\n<p><em>La lumi\u00e8re explose, un v\u00e9ritable big-bang&nbsp;chromatique d\u00e9cha\u00eene la vibration. <\/em><\/p>\n\n\n\n<p><em>A l&rsquo;instar d&rsquo;un Claude Monet, la variation sur un&nbsp;th\u00e8me, ici le pin parasol d\u00e9compose la lumi\u00e8re \u00e0&nbsp;diff\u00e9rentes heures de la journ\u00e9e.&nbsp;Elle synth\u00e9tise aussi la forme jusqu&rsquo;\u00e0 tendre&nbsp;vers l&rsquo;abstraction comme le peintre le plus&nbsp;raffin\u00e9 du XX\u00e8me si\u00e8cle Nicolas de Sta\u00ebl. <\/em><\/p>\n\n\n\n<p><em>Ces belles r\u00e9f\u00e9rences nourrissent une \u0153uvre&nbsp;g\u00e9n\u00e9reuse et talentueuse&#8230;<\/em> \u00bb<\/p>\n\n\n\n<p class=\"has-text-align-right\"><strong>Catherine Portal<\/strong><\/p>\n\n\n\n<p class=\"has-text-align-right\">(galerie Catherine et Fr\u00e9d\u00e9ric Portal \u00e0 St Jean de Luz)<\/p>\n\n\n\n<p><\/p>\n\n\n\n<p><\/p>\n\n\n\n<h2 class=\"wp-block-heading\">Expositions<\/h2>\n\n\n\n<figure class=\"wp-block-table is-style-regular\"><table><tbody><tr><td>2023<\/td><td><\/td><td>.<strong>E<\/strong>xposition personnelle <strong>\u00ab\u00a0Terre est sienne II\u00a0\u00bb<\/strong> &#8211; Ch\u00e2teau de Cazalet &#8211; Pessac<br>.<strong>E<\/strong>xposition personnelle <strong>\u00ab\u00a0Ecrin d&rsquo;antan et d&rsquo;aujourd&rsquo;hui\u00a0\u00bb <\/strong>&#8211; Gr\u00e9zillac &#8211;<\/td><\/tr><tr><td>2022<\/td><td><\/td><td>. <strong>E<\/strong>xposition collective <strong>\u00ab\u00a0Terre est sienne\u00a0\u00bb <\/strong>&#8211; Cap Sitelle &#8211; Cap Ferret<\/td><\/tr><tr><td>2021<\/td><td><\/td><td><strong>. E<\/strong>xposition individuelle <strong>\u00ab\u00a0Canop\u00e9e\u00a0\u00bb<\/strong> &#8211; Maison des Arts du Canon &#8211; Cap Ferret<\/td><\/tr><tr><td>2018<br>2017<br>2016 <\/td><td><\/td><td>. <strong>E<\/strong>xposition <strong>\u00ab\u00a0L&rsquo;artistique de l&rsquo;Isle Adam\u00a0\u00bb<\/strong> au chateau Conti &#8211; l&rsquo;Isle Adam<br>. <strong>S<\/strong>alon d&rsquo;Art Contemporain, ARTS ATLANTIC &#8211; La Rochelle<br>. <strong>E<\/strong>xposition personnelle <strong>\u00ab\u00a0Entre les lignes\u00a0\u00bb<\/strong> &#8211; Maison des Arts du Canon &#8211; Cap Ferret<br>. <strong>E<\/strong>xposition collective <strong>\u00ab\u00a0Venise\u00a0\u00bb<\/strong>, \u00e0 Art Sitelle &#8211; Cap Ferret<br>. <strong>E<\/strong>xposition individuelle <strong>\u00ab\u00a0Bleu contre Block.II\u00a0\u00bb<\/strong> &#8211; Espace des Halles &#8211; Saint Briac sur mer<br>. <strong>E<\/strong>xposition personnelle <strong>\u00ab\u00a0Rythme and K.AP\u00a0\u00bb<\/strong>, \u00e0 la Maison des Arts du Canon -Cap Ferret<br>. <strong>E<\/strong>xposition personnelle <strong>\u00ab\u00a0Bleu contre Block.I\u00a0\u00bb<\/strong> &#8211; Espace galerie A. Raspaud -LE BOUSCAT\/Bordeaux<br>. <strong>C<\/strong>r\u00e9ation du polyptyque graphique <strong>\u00ab\u00a0Naturellement Soie\u00a0\u00bb<\/strong><\/td><\/tr><tr><td>2015<\/td><td><\/td><td>. <strong>E<\/strong>xposition personnelle <strong>\u00ab\u00a0K.AP expo II\u00a0\u00bb<\/strong>&#8211; Maison des Arts du Canon &#8211; Cap Ferret<br>. <strong>E<\/strong>xposition personnelle <strong>\u00ab\u00a0Bleu contre Block.I\u00a0\u00bb<\/strong>, \u00e0 Art Sitelle &#8211; Cap Ferret<br>. <strong>E<\/strong>xposition collective <strong>\u00ab\u00a0Partage\u00a0\u00bb<\/strong>, \u00e0 Art Sittel &#8211; Cap Ferret<\/td><\/tr><tr><td>2014<\/td><td><\/td><td>. <strong>E<\/strong>xposition collective <strong>\u00ab\u00a0K.AP expo\u00a0\u00bb<\/strong> &#8211; Maison des Arts du Canon &#8211;  Cap Ferret<\/td><\/tr><tr><td>2013<\/td><td><\/td><td>. <strong>E<\/strong>xposition personnelle <strong>\u00ab\u00a0Espace propre\u00a0\u00bb<\/strong> &#8211; Esp\u00e8ce culturel B\u00e8gles de B\u00e8gles\/Bordeaux<br>. <strong>S<\/strong>c\u00e9nographie et d\u00e9cors &#8211; Th\u00e9\u00e2tre Milandy &#8211; La troupe les compagnons du th\u00e9\u00e2tre &#8211; Lu\u00e7on<\/td><\/tr><tr><td>2012<\/td><td><\/td><td>. <strong>G<\/strong>alerie EVERART- Paris<br>. <strong>S<\/strong>alon d&rsquo;art contemporain, Carroussel du Louvre &#8211; Paris<br>. <strong>S<\/strong>c\u00e9nographie et d\u00e9cors &#8211; Th\u00e9\u00e2tre Milandy &#8211; La troupe les compagnons du th\u00e9\u00e2tre &#8211; Lu\u00e7on<\/td><\/tr><tr><td>2011<\/td><td><\/td><td>. <strong>S<\/strong>alon d&rsquo;Art Contemporain, ARTS ATLANTIC &#8211; La Rochelle <\/td><\/tr><tr><td>2010\/11<\/td><td><\/td><td>. <strong>S<\/strong>how Room &#8211; Lu\u00e7on<\/td><\/tr><tr><td>2009<\/td><td><\/td><td>. <strong><strong>Prix du public<\/strong><\/strong>  <strong>S<\/strong>alon d&rsquo;Art Contemporain, ARTS ATLANTIC &#8211; La Rochelle<br>. <strong>G<\/strong>alerie \u00abEspace 83\u00bb &#8211; La Rochelle<\/td><\/tr><tr><td>2008<\/td><td><\/td><td>. <strong>E<\/strong>xposition internationale de peinture &#8211; Clairac<\/td><\/tr><tr><td>2008<\/td><td><\/td><td>. <strong>G<\/strong>alerie HOURDIN &#8211; LA Rochelle&nbsp;<\/td><\/tr><tr><td>1997<\/td><td><\/td><td>. <strong>E<\/strong>xposition personnelle -Galerie \u00abARTS MOVING\u00bb &#8211; Nice<\/td><\/tr><tr><td>1994<\/td><td><\/td><td>. <strong>E<\/strong>xposition sculpture &#8211; Salon d\u2019automne &#8211; Grand palais &#8211; Paris<\/td><\/tr><tr><td>1993<\/td><td><\/td><td>. <strong>Premier prix \u00abArt jeune\u00bb<\/strong> &#8211; Galerie des Beaux arts de Bordeaux<br><strong>S<\/strong>alon des ind\u00e9pendants &#8211; Paris<\/td><\/tr><tr><td>1993\/95<\/td><td><\/td><td>. <strong>S<\/strong>culptrice professionnelle: Fac-simil\u00e9 de laGrotte de Niaux pour la&nbsp;soci\u00e9t\u00e9 \u00abARS 2000\u00bb<\/td><\/tr><\/tbody><\/table><\/figure>\n\n\n\n<p><\/p>\n","protected":false},"excerpt":{"rendered":"<p>N\u00e9e \u00e0 BordeauxProfesseure certifi\u00e9e d\u2019 Arts Plastiques Sc\u00e9nographe de spectacles pour les compagnons du th\u00e9\u00e2treCharg\u00e9e de mission attach\u00e9e \u00e0 la culture au Conseil G\u00e9n\u00e9ral de la GirondeSculptrice professionnelle, Fac simil\u00e9 de la\u00a0 grotte de Niaux,(1993\/1995) GRAPHISME \u00ab\u00a0Canop\u00e9e\u00a0\u00bb Si l&rsquo;envers de ce qui se cache derri\u00e8re les branches se d\u00e9robe \u00e0 notre regard, l&rsquo;artiste donne \u00e0 [&hellip;]<\/p>\n","protected":false},"author":1,"featured_media":0,"parent":0,"menu_order":0,"comment_status":"closed","ping_status":"closed","template":"","meta":{"inline_featured_image":false,"footnotes":""},"class_list":["post-189","page","type-page","status-publish","hentry","even"],"_links":{"self":[{"href":"https:\/\/karinelagarrosse.fr\/he18173-ovh\/wp-json\/wp\/v2\/pages\/189","targetHints":{"allow":["GET"]}}],"collection":[{"href":"https:\/\/karinelagarrosse.fr\/he18173-ovh\/wp-json\/wp\/v2\/pages"}],"about":[{"href":"https:\/\/karinelagarrosse.fr\/he18173-ovh\/wp-json\/wp\/v2\/types\/page"}],"author":[{"embeddable":true,"href":"https:\/\/karinelagarrosse.fr\/he18173-ovh\/wp-json\/wp\/v2\/users\/1"}],"replies":[{"embeddable":true,"href":"https:\/\/karinelagarrosse.fr\/he18173-ovh\/wp-json\/wp\/v2\/comments?post=189"}],"version-history":[{"count":36,"href":"https:\/\/karinelagarrosse.fr\/he18173-ovh\/wp-json\/wp\/v2\/pages\/189\/revisions"}],"predecessor-version":[{"id":578,"href":"https:\/\/karinelagarrosse.fr\/he18173-ovh\/wp-json\/wp\/v2\/pages\/189\/revisions\/578"}],"wp:attachment":[{"href":"https:\/\/karinelagarrosse.fr\/he18173-ovh\/wp-json\/wp\/v2\/media?parent=189"}],"curies":[{"name":"wp","href":"https:\/\/api.w.org\/{rel}","templated":true}]}}