{"id":438,"date":"2022-07-10T22:42:50","date_gmt":"2022-07-10T20:42:50","guid":{"rendered":"http:\/\/karinelagarrosse.fr\/he18173-ovh\/?page_id=438"},"modified":"2024-12-28T19:53:32","modified_gmt":"2024-12-28T18:53:32","slug":"evenements","status":"publish","type":"page","link":"https:\/\/karinelagarrosse.fr\/he18173-ovh\/evenements\/","title":{"rendered":"\u00c9v\u00e8nements"},"content":{"rendered":"\n<p><\/p>\n\n\n\n<div class=\"wp-block-media-text alignwide is-vertically-aligned-top is-stacked-on-mobile\" style=\"grid-template-columns:15% auto\"><figure class=\"wp-block-media-text__media\"><img decoding=\"async\" src=\"http:\/\/karinelagarrosse.fr\/he18173-ovh\/wp-content\/uploads\/2022\/07\/584A4304-8E75-4650-9E03-2D3B92E77BEF-576x1024.jpeg\" alt=\"\" class=\"wp-image-494 size-full\"\/><\/figure><div class=\"wp-block-media-text__content\">\n<p style=\"font-size:30px\"><meta charset=\"utf-8\"><strong>Exposition &#8211; concert <\/strong> ALIAGA TRIO &amp; KARINE LAGARROSSE <strong>samedi 28 septembre <\/strong> \u00e0 partir 19h30<\/p>\n\n\n\n<p style=\"font-size:17px\"><strong>samedi 28 septembre <\/strong> \u00e0 partir de 19h30 &#8211; ap\u00e9ritif &nbsp;et exposition de l\u2019oeuvre de KARINE LAGARROSSE &#8211; \u00e0 la salle &nbsp;<strong>Le<\/strong>&nbsp;<strong>Coup de Th\u00e9\u00e2tre, 9 rue du 11 novembre \u00e0 B\u00e8gles.<\/strong><\/p>\n\n\n\n<p style=\"font-size:17px\">Vous aimez le Latin Jazz Moderne et progressif? R\u00e9servez vos places d\u2019ores et d\u00e9j\u00e0!&nbsp;<\/p>\n\n\n\n<p style=\"font-size:17px\"><a href=\"https:\/\/www.helloasso.com\/associations\/saxalf-performances\/evenements\/concert-jazz-aliaga-trio\">https:\/\/www.helloasso.com\/associations\/saxalf-performances\/evenements\/concert-jazz-aliaga-trio<\/a><\/p>\n<\/div><\/div>\n\n\n\n<hr class=\"wp-block-separator has-css-opacity\"\/>\n\n\n\n<div class=\"wp-block-media-text alignwide is-vertically-aligned-top is-stacked-on-mobile\" style=\"grid-template-columns:15% auto\"><figure class=\"wp-block-media-text__media\"><img decoding=\"async\" src=\"http:\/\/karinelagarrosse.fr\/he18173-ovh\/wp-content\/uploads\/2022\/07\/584A4304-8E75-4650-9E03-2D3B92E77BEF-576x1024.jpeg\" alt=\"\" class=\"wp-image-494 size-full\"\/><\/figure><div class=\"wp-block-media-text__content\">\n<p style=\"font-size:30px\"><meta charset=\"utf-8\"><strong>Exposition &#8211; concert <\/strong> ALIAGA TRIO &amp; KARINE LAGARROSSE <strong>samedi 28 septembre <\/strong> \u00e0 partir 19h30<\/p>\n\n\n\n<p style=\"font-size:17px\"><strong>samedi 28 septembre <\/strong> \u00e0 partir de 19h30 &#8211; ap\u00e9ritif &nbsp;et exposition de l\u2019oeuvre de KARINE LAGARROSSE &#8211; \u00e0 la salle &nbsp;<strong>Le<\/strong>&nbsp;<strong>Coup de Th\u00e9\u00e2tre, 9 rue du 11 novembre \u00e0 B\u00e8gles.<\/strong><\/p>\n\n\n\n<p style=\"font-size:17px\">Vous aimez le Latin Jazz Moderne et progressif? R\u00e9servez vos places d\u2019ores et d\u00e9j\u00e0!&nbsp;<\/p>\n\n\n\n<p style=\"font-size:17px\"><a href=\"https:\/\/www.helloasso.com\/associations\/saxalf-performances\/evenements\/concert-jazz-aliaga-trio\">https:\/\/www.helloasso.com\/associations\/saxalf-performances\/evenements\/concert-jazz-aliaga-trio<\/a><\/p>\n<\/div><\/div>\n\n\n\n<hr class=\"wp-block-separator has-css-opacity\"\/>\n\n\n\n<div class=\"wp-block-media-text alignwide is-vertically-aligned-top is-stacked-on-mobile\" style=\"grid-template-columns:15% auto\"><figure class=\"wp-block-media-text__media\"><img decoding=\"async\" src=\"http:\/\/karinelagarrosse.fr\/he18173-ovh\/wp-content\/uploads\/2022\/07\/584A4304-8E75-4650-9E03-2D3B92E77BEF-576x1024.jpeg\" alt=\"\" class=\"wp-image-494 size-full\"\/><\/figure><div class=\"wp-block-media-text__content\">\n<p style=\"font-size:30px\"><meta charset=\"utf-8\"><strong>Exposition<\/strong> du <strong>21 Juillet<\/strong> au <strong>7 Ao\u00fbt 2022<\/strong><\/p>\n\n\n\n<p style=\"font-size:17px\"><strong>CAP SITELLE<\/strong> &#8211; 11 impasse des Sittelles &#8211; 33970 <strong>CAP-FERRET<\/strong><\/p>\n\n\n\n<p style=\"font-size:17px\">Entr\u00e9e libre tous les jours de <strong>16h<\/strong> \u00e0 <strong>20h<\/strong><\/p>\n\n\n\n<p style=\"font-size:17px\">Vernissage le <strong>21 Juillet<\/strong> \u00e0 <strong>partir de<\/strong> <strong>19h<\/strong><\/p>\n\n\n\n<p style=\"font-size:17px\">Pour plus de renseignements, contacter le num\u00e9ro suivant : <strong>06.89.33.79.73<\/strong><\/p>\n<\/div><\/div>\n","protected":false},"excerpt":{"rendered":"<p>Exposition &#8211; concert ALIAGA TRIO &amp; KARINE LAGARROSSE samedi 28 septembre \u00e0 partir 19h30 samedi 28 septembre \u00e0 partir de 19h30 &#8211; ap\u00e9ritif &nbsp;et exposition de l\u2019oeuvre de KARINE LAGARROSSE &#8211; \u00e0 la salle &nbsp;Le&nbsp;Coup de Th\u00e9\u00e2tre, 9 rue du 11 novembre \u00e0 B\u00e8gles. Vous aimez le Latin Jazz Moderne et progressif? R\u00e9servez vos places [&hellip;]<\/p>\n","protected":false},"author":2,"featured_media":0,"parent":0,"menu_order":0,"comment_status":"closed","ping_status":"closed","template":"","meta":{"inline_featured_image":false,"footnotes":""},"class_list":["post-438","page","type-page","status-publish","hentry","even"],"_links":{"self":[{"href":"https:\/\/karinelagarrosse.fr\/he18173-ovh\/wp-json\/wp\/v2\/pages\/438","targetHints":{"allow":["GET"]}}],"collection":[{"href":"https:\/\/karinelagarrosse.fr\/he18173-ovh\/wp-json\/wp\/v2\/pages"}],"about":[{"href":"https:\/\/karinelagarrosse.fr\/he18173-ovh\/wp-json\/wp\/v2\/types\/page"}],"author":[{"embeddable":true,"href":"https:\/\/karinelagarrosse.fr\/he18173-ovh\/wp-json\/wp\/v2\/users\/2"}],"replies":[{"embeddable":true,"href":"https:\/\/karinelagarrosse.fr\/he18173-ovh\/wp-json\/wp\/v2\/comments?post=438"}],"version-history":[{"count":52,"href":"https:\/\/karinelagarrosse.fr\/he18173-ovh\/wp-json\/wp\/v2\/pages\/438\/revisions"}],"predecessor-version":[{"id":769,"href":"https:\/\/karinelagarrosse.fr\/he18173-ovh\/wp-json\/wp\/v2\/pages\/438\/revisions\/769"}],"wp:attachment":[{"href":"https:\/\/karinelagarrosse.fr\/he18173-ovh\/wp-json\/wp\/v2\/media?parent=438"}],"curies":[{"name":"wp","href":"https:\/\/api.w.org\/{rel}","templated":true}]}}